{"id":2,"date":"2018-12-17T12:35:28","date_gmt":"2018-12-17T14:35:28","guid":{"rendered":"https:\/\/clubedevagas.com\/?page_id=2"},"modified":"2018-12-17T12:35:28","modified_gmt":"2018-12-17T14:35:28","slug":"pagina-exemplo","status":"publish","type":"page","link":"https:\/\/clubedevagas.com\/es\/pagina-exemplo\/","title":{"rendered":"P\u00e1gina de ejemplo"},"content":{"rendered":"<p>Este es un ejemplo de una p\u00e1gina. Se diferencia de una publicaci\u00f3n de blog porque es est\u00e1tica y puede aparecer en los men\u00fas de navegaci\u00f3n (en la mayor\u00eda de los temas). La mayor\u00eda de las personas comienzan con una p\u00e1gina &quot;Acerca de&quot; que les presenta a los visitantes potenciales del sitio web. Puedes usar algo como:<\/p>\n<blockquote><p>\u00a1Ey! Soy estudiante de Biolog\u00eda y me gustan los deportes y la naturaleza. Los fines de semana juego al f\u00fatbol con mis amigos en el club local. Vivo en Valinhos y cre\u00e9 este sitio web para hablar de mi ciudad.<\/p><\/blockquote>\n<p>...o algo como:<\/p>\n<blockquote><p>La empresa Logos fue fundada en 1980, y ha dotado al comercio local de lo mejor en informatizaci\u00f3n. Ubicada en Recife, nuestra empresa se destac\u00f3 como una de las que tambi\u00e9n contribuye al correcto desecho de los equipos electr\u00f3nicos reemplazados.<\/p><\/blockquote>\n<p>Como nuevo usuario de WordPress, vaya a su <a href=\"https:\/\/clubedevagas.com\/wp-admin\/\">Panel<\/a> para eliminar este contenido y crear el tuyo propio. \u00a1Divertirse!<\/p>","protected":false},"excerpt":{"rendered":"<p>Este \u00e9 o exemplo de uma p\u00e1gina. \u00c9 diferente de um post de blog porque \u00e9 est\u00e1tica e pode aparecer em menus de navega\u00e7\u00e3o (na maioria dos temas). A maioria das pessoas come\u00e7am com uma p\u00e1gina &#8216;Sobre&#8217; que as apresenta aos potenciais visitantes do site. Voc\u00ea pode usar algo como: Oi! Sou um estudante de [&hellip;]<\/p>","protected":false},"author":1,"featured_media":0,"parent":0,"menu_order":0,"comment_status":"closed","ping_status":"open","template":"","meta":{"_acf_changed":false,"footnotes":""},"class_list":["post-2","page","type-page","status-publish","hentry"],"acf":[],"yoast_head":"<!-- This site is optimized with the Yoast SEO plugin v23.7 - https:\/\/yoast.com\/wordpress\/plugins\/seo\/ -->\n<title>P\u00e1gina de exemplo - Clube de Vagas<\/title>\n<meta name=\"robots\" content=\"index, follow, max-snippet:-1, max-image-preview:large, max-video-preview:-1\" \/>\n<link rel=\"canonical\" href=\"https:\/\/clubedevagas.com\/es\/pagina-exemplo\/\" \/>\n<meta property=\"og:locale\" content=\"es_ES\" \/>\n<meta property=\"og:type\" content=\"article\" \/>\n<meta property=\"og:title\" content=\"P\u00e1gina de exemplo - Clube de Vagas\" \/>\n<meta property=\"og:description\" content=\"Este \u00e9 o exemplo de uma p\u00e1gina. \u00c9 diferente de um post de blog porque \u00e9 est\u00e1tica e pode aparecer em menus de navega\u00e7\u00e3o (na maioria dos temas). A maioria das pessoas come\u00e7am com uma p\u00e1gina &#8216;Sobre&#8217; que as apresenta aos potenciais visitantes do site. Voc\u00ea pode usar algo como: Oi! Sou um estudante de [&hellip;]\" \/>\n<meta property=\"og:url\" content=\"https:\/\/clubedevagas.com\/es\/pagina-exemplo\/\" \/>\n<meta property=\"og:site_name\" content=\"Clube de Vagas\" \/>\n<meta name=\"twitter:card\" content=\"summary_large_image\" \/>\n<script type=\"application\/ld+json\" class=\"yoast-schema-graph\">{\"@context\":\"https:\/\/schema.org\",\"@graph\":[{\"@type\":\"WebPage\",\"@id\":\"https:\/\/clubedevagas.com\/pagina-exemplo\/\",\"url\":\"https:\/\/clubedevagas.com\/pagina-exemplo\/\",\"name\":\"P\u00e1gina de exemplo - Clube de Vagas\",\"isPartOf\":{\"@id\":\"https:\/\/clubedevagas.com\/#website\"},\"datePublished\":\"2018-12-17T14:35:28+00:00\",\"dateModified\":\"2018-12-17T14:35:28+00:00\",\"breadcrumb\":{\"@id\":\"https:\/\/clubedevagas.com\/pagina-exemplo\/#breadcrumb\"},\"inLanguage\":\"es\",\"potentialAction\":[{\"@type\":\"ReadAction\",\"target\":[\"https:\/\/clubedevagas.com\/pagina-exemplo\/\"]}]},{\"@type\":\"BreadcrumbList\",\"@id\":\"https:\/\/clubedevagas.com\/pagina-exemplo\/#breadcrumb\",\"itemListElement\":[{\"@type\":\"ListItem\",\"position\":1,\"name\":\"Home\",\"item\":\"https:\/\/clubedevagas.com\/\"},{\"@type\":\"ListItem\",\"position\":2,\"name\":\"P\u00e1gina de exemplo\"}]},{\"@type\":\"WebSite\",\"@id\":\"https:\/\/clubedevagas.com\/#website\",\"url\":\"https:\/\/clubedevagas.com\/\",\"name\":\"Clube de Vagas\",\"description\":\"O lugar certo para sua carreira\",\"publisher\":{\"@id\":\"https:\/\/clubedevagas.com\/#organization\"},\"potentialAction\":[{\"@type\":\"SearchAction\",\"target\":{\"@type\":\"EntryPoint\",\"urlTemplate\":\"https:\/\/clubedevagas.com\/?s={search_term_string}\"},\"query-input\":{\"@type\":\"PropertyValueSpecification\",\"valueRequired\":true,\"valueName\":\"search_term_string\"}}],\"inLanguage\":\"es\"},{\"@type\":\"Organization\",\"@id\":\"https:\/\/clubedevagas.com\/#organization\",\"name\":\"Clube de Vagas\",\"url\":\"https:\/\/clubedevagas.com\/\",\"logo\":{\"@type\":\"ImageObject\",\"inLanguage\":\"es\",\"@id\":\"https:\/\/clubedevagas.com\/#\/schema\/logo\/image\/\",\"url\":\"https:\/\/clubedevagas.com\/wp-content\/uploads\/2022\/03\/Design-sem-nome-39.png\",\"contentUrl\":\"https:\/\/clubedevagas.com\/wp-content\/uploads\/2022\/03\/Design-sem-nome-39.png\",\"width\":215,\"height\":60,\"caption\":\"Clube de Vagas\"},\"image\":{\"@id\":\"https:\/\/clubedevagas.com\/#\/schema\/logo\/image\/\"}}]}<\/script>\n<!-- \/ Yoast SEO plugin. -->","yoast_head_json":{"title":"P\u00e1gina de exemplo - Clube de Vagas","robots":{"index":"index","follow":"follow","max-snippet":"max-snippet:-1","max-image-preview":"max-image-preview:large","max-video-preview":"max-video-preview:-1"},"canonical":"https:\/\/clubedevagas.com\/es\/pagina-exemplo\/","og_locale":"es_ES","og_type":"article","og_title":"P\u00e1gina de exemplo - Clube de Vagas","og_description":"Este \u00e9 o exemplo de uma p\u00e1gina. \u00c9 diferente de um post de blog porque \u00e9 est\u00e1tica e pode aparecer em menus de navega\u00e7\u00e3o (na maioria dos temas). A maioria das pessoas come\u00e7am com uma p\u00e1gina &#8216;Sobre&#8217; que as apresenta aos potenciais visitantes do site. Voc\u00ea pode usar algo como: Oi! Sou um estudante de [&hellip;]","og_url":"https:\/\/clubedevagas.com\/es\/pagina-exemplo\/","og_site_name":"Clube de Vagas","twitter_card":"summary_large_image","schema":{"@context":"https:\/\/schema.org","@graph":[{"@type":"WebPage","@id":"https:\/\/clubedevagas.com\/pagina-exemplo\/","url":"https:\/\/clubedevagas.com\/pagina-exemplo\/","name":"P\u00e1gina de exemplo - Clube de Vagas","isPartOf":{"@id":"https:\/\/clubedevagas.com\/#website"},"datePublished":"2018-12-17T14:35:28+00:00","dateModified":"2018-12-17T14:35:28+00:00","breadcrumb":{"@id":"https:\/\/clubedevagas.com\/pagina-exemplo\/#breadcrumb"},"inLanguage":"es","potentialAction":[{"@type":"ReadAction","target":["https:\/\/clubedevagas.com\/pagina-exemplo\/"]}]},{"@type":"BreadcrumbList","@id":"https:\/\/clubedevagas.com\/pagina-exemplo\/#breadcrumb","itemListElement":[{"@type":"ListItem","position":1,"name":"Home","item":"https:\/\/clubedevagas.com\/"},{"@type":"ListItem","position":2,"name":"P\u00e1gina de exemplo"}]},{"@type":"WebSite","@id":"https:\/\/clubedevagas.com\/#website","url":"https:\/\/clubedevagas.com\/","name":"Clube de Vagas","description":"O lugar certo para sua carreira","publisher":{"@id":"https:\/\/clubedevagas.com\/#organization"},"potentialAction":[{"@type":"SearchAction","target":{"@type":"EntryPoint","urlTemplate":"https:\/\/clubedevagas.com\/?s={search_term_string}"},"query-input":{"@type":"PropertyValueSpecification","valueRequired":true,"valueName":"search_term_string"}}],"inLanguage":"es"},{"@type":"Organization","@id":"https:\/\/clubedevagas.com\/#organization","name":"Clube de Vagas","url":"https:\/\/clubedevagas.com\/","logo":{"@type":"ImageObject","inLanguage":"es","@id":"https:\/\/clubedevagas.com\/#\/schema\/logo\/image\/","url":"https:\/\/clubedevagas.com\/wp-content\/uploads\/2022\/03\/Design-sem-nome-39.png","contentUrl":"https:\/\/clubedevagas.com\/wp-content\/uploads\/2022\/03\/Design-sem-nome-39.png","width":215,"height":60,"caption":"Clube de Vagas"},"image":{"@id":"https:\/\/clubedevagas.com\/#\/schema\/logo\/image\/"}}]}},"_links":{"self":[{"href":"https:\/\/clubedevagas.com\/es\/wp-json\/wp\/v2\/pages\/2"}],"collection":[{"href":"https:\/\/clubedevagas.com\/es\/wp-json\/wp\/v2\/pages"}],"about":[{"href":"https:\/\/clubedevagas.com\/es\/wp-json\/wp\/v2\/types\/page"}],"author":[{"embeddable":true,"href":"https:\/\/clubedevagas.com\/es\/wp-json\/wp\/v2\/users\/1"}],"replies":[{"embeddable":true,"href":"https:\/\/clubedevagas.com\/es\/wp-json\/wp\/v2\/comments?post=2"}],"version-history":[{"count":0,"href":"https:\/\/clubedevagas.com\/es\/wp-json\/wp\/v2\/pages\/2\/revisions"}],"wp:attachment":[{"href":"https:\/\/clubedevagas.com\/es\/wp-json\/wp\/v2\/media?parent=2"}],"curies":[{"name":"wp","href":"https:\/\/api.w.org\/{rel}","templated":true}]}}